{"id":11418,"date":"2025-09-25T18:05:05","date_gmt":"2025-09-25T16:05:05","guid":{"rendered":"https:\/\/reparacionmotorest5t6.com\/haftungshinweis\/"},"modified":"2026-03-25T15:57:57","modified_gmt":"2026-03-25T13:57:57","slug":"haftungshinweis","status":"publish","type":"page","link":"https:\/\/reparacionmotorest5t6.com\/de\/haftungshinweis\/","title":{"rendered":"Haftungshinweis"},"content":{"rendered":"\t\t<div data-elementor-type=\"wp-page\" data-elementor-id=\"11418\" class=\"elementor elementor-11418 elementor-10664\">\n\t\t\t\t<div class=\"elementor-element elementor-element-85febd9 e-flex e-con-boxed cut-corner-no sticky-container-off e-con e-parent\" data-id=\"85febd9\" data-element_type=\"container\" data-settings=\"{&quot;background_background&quot;:&quot;classic&quot;}\">\n\t\t\t\t\t<div class=\"e-con-inner\">\n\t\t\t\t<div class=\"elementor-element elementor-element-d6771a1 elementor-widget elementor-widget-logico_heading\" data-id=\"d6771a1\" data-element_type=\"widget\" data-widget_type=\"logico_heading.default\">\n\t\t\t\t<div class=\"elementor-widget-container\">\n\t\t\t\t\t<h2 class=\"logico-title\">Haftungshinweis\n<\/h2>\t\t\t\t<\/div>\n\t\t\t\t<\/div>\n\t\t\t\t\t<\/div>\n\t\t\t\t<\/div>\n\t\t<div class=\"elementor-element elementor-element-11777857 e-flex e-con-boxed cut-corner-no sticky-container-off e-con e-parent\" data-id=\"11777857\" data-element_type=\"container\">\n\t\t\t\t\t<div class=\"e-con-inner\">\n\t\t\t\t<div class=\"elementor-element elementor-element-1186e78b elementor-widget elementor-widget-text-editor\" data-id=\"1186e78b\" data-element_type=\"widget\" data-widget_type=\"text-editor.default\">\n\t\t\t\t\t\t\t\t\t<h4>I. ALLGEMEINE INFORMATIONEN<\/h4><p>In Erf\u00fcllung der Informationspflichten gem\u00e4\u00df dem Gesetz 34\/2002 \u00fcber Dienste der Informationsgesellschaft und den elektronischen Gesch\u00e4ftsverkehr (LSSI-CE) vom 11. Juli werden nachfolgend die allgemeinen Informationen zu dieser Website bereitgestellt:<br \/>Der Inhaber dieser Website, https:\/\/reparacionmotorest5t6.com\/ (im Folgenden \u201eWebsite\u201c), ist: Brand-Worx S.L , mit NIF: B64423015 und eingetragen im: Handelsregister von Barcelona mit den folgenden Registrierungsdaten: , vertreten durch: , und mit den Kontaktdaten:<br \/>Adresse: Gran de Gracia 15, 2-1<br \/>E-Mail: info@reparacionmotorest5t6.com<\/p><h4>II. ALLGEMEINE NUTZUNGSBEDINGUNGEN<\/h4><p>Der Gegenstand der Bedingungen: Die Website<br \/>Der Gegenstand der vorliegenden Allgemeinen Nutzungsbedingungen (im Folgenden, Bedingungen) ist die Regelung des Zugangs und der Nutzung der Website. Im Sinne der vorliegenden Bedingungen wird als Website verstanden: das \u00e4u\u00dfere Erscheinungsbild der Bildschirmoberfl\u00e4chen, sowohl in statischer als auch in dynamischer Form, das hei\u00dft der Navigationsbaum; und alle Elemente, die sowohl in die Bildschirmoberfl\u00e4chen als auch in den Navigationsbaum integriert sind (im Folgenden, Inhalte) sowie alle jene Online-Dienste oder -Ressourcen, die gegebenenfalls den Nutzern angeboten werden (im Folgenden, Dienste).<br \/>Reparaci\u00f3n Motores T5 T6 beh\u00e4lt sich das Recht vor, jederzeit und ohne vorherige Ank\u00fcndigung die Darstellung und Konfiguration der Website sowie die Inhalte und Dienste, die darin enthalten sein k\u00f6nnten, zu \u00e4ndern. Der Nutzer erkennt an und akzeptiert, dass Reparaci\u00f3n Motores T5 T6 jederzeit eines dieser Elemente, die in die Website integriert sind, oder den Zugang zu diesen unterbrechen, deaktivieren und\/oder beenden kann.<br \/>Der Zugang zur Website durch den Nutzer ist frei und hat im Allgemeinen unentgeltlichen Charakter, ohne dass der Nutzer eine Gegenleistung erbringen muss, um dies nutzen zu k\u00f6nnen, au\u00dfer hinsichtlich der Verbindungskosten \u00fcber das Telekommunikationsnetz, das vom Anbieter zur Verf\u00fcgung gestellt wird, mit dem der Nutzer einen Vertrag geschlossen hat. Die Nutzung einiger Inhalte oder Dienste der Website kann durch vorherige Anmeldung oder Registrierung des Nutzers erfolgen.<br \/>Der Nutzer<br \/>Der Zugang, die Navigation und die Nutzung der Website sowie die Nutzung der f\u00fcr die Interaktion zwischen den Nutzern sowie zwischen den Nutzern und Reparaci\u00f3n Motores T5 T6 eingerichteten Bereiche, wie Kommentare und\/oder Blogging-Bereiche, verleihen die Bedingung des Nutzers, sodass ab Beginn der Navigation auf der Website alle hierin festgelegten Bedingungen sowie deren sp\u00e4tere \u00c4nderungen akzeptiert werden, unbeschadet der Anwendung der jeweils einschl\u00e4gigen zwingenden gesetzlichen Vorschriften. Angesichts der Relevanz des Vorstehenden wird den Nutzern empfohlen, diese bei jedem Besuch der Website zu lesen.<br \/>Die Website von Reparaci\u00f3n Motores T5 T6 stellt eine gro\u00dfe Vielfalt an Informationen, Diensten und Daten zur Verf\u00fcgung. Der Nutzer \u00fcbernimmt die Verantwortung f\u00fcr die ordnungsgem\u00e4\u00dfe Nutzung der Website. Diese Verantwortung erstreckt sich auf:<br \/>Eine Nutzung der von Reparaci\u00f3n Motores T5 T6 angebotenen Informationen, Inhalte und\/oder Dienste und Daten, ohne dass dies den Bestimmungen der vorliegenden Bedingungen, dem Gesetz, der Moral oder der \u00f6ffentlichen Ordnung widerspricht oder auf irgendeine andere Weise die Rechte Dritter oder die Funktionsweise der Website beeintr\u00e4chtigen k\u00f6nnte.<br \/>Die Richtigkeit und Rechtm\u00e4\u00dfigkeit der vom Nutzer in den von Reparaci\u00f3n Motores T5 T6 bereitgestellten Formularen f\u00fcr den Zugang zu bestimmten Inhalten oder Diensten der Website gemachten Angaben.<br \/>In jedem Fall wird der Nutzer Reparaci\u00f3n Motores T5 T6 unverz\u00fcglich \u00fcber jede Tatsache benachrichtigen, die die missbr\u00e4uchliche Nutzung der in diesen Formularen registrierten Informationen erm\u00f6glicht, wie zum Beispiel, jedoch nicht ausschlie\u00dflich, Diebstahl, Verlust oder unbefugten Zugriff auf Kennungen und\/oder Passw\u00f6rter, mit dem Ziel, deren sofortige L\u00f6schung zu veranlassen. Reparaci\u00f3n Motores T5 T6 beh\u00e4lt sich das Recht vor, alle Kommentare oder Beitr\u00e4ge zu entfernen, die gegen das Gesetz, die W\u00fcrde des Menschen versto\u00dfen oder diskriminierend, fremdenfeindlich, rassistisch, pornografisch, Spam, sch\u00e4dlich f\u00fcr Jugendliche oder Kinder, gegen die \u00f6ffentliche Ordnung oder Sicherheit gerichtet sind oder die nach eigenem Ermessen nicht f\u00fcr eine Ver\u00f6ffentlichung geeignet erscheinen. In jedem Fall \u00fcbernimmt Reparaci\u00f3n Motores T5 T6 keine Verantwortung f\u00fcr die Meinungen, die Nutzer \u00fcber Kommentare oder andere Blogging- bzw. Beteiligungs-Tools \u00e4u\u00dfern. Der blo\u00dfe Zugang zu dieser Website begr\u00fcndet keine kommerzielle Beziehung zwischen Reparaci\u00f3n Motores T5 T6 und dem Nutzer. Der Nutzer erkl\u00e4rt, vollj\u00e4hrig zu sein und \u00fcber die rechtliche F\u00e4higkeit zu verf\u00fcgen, an diese Bedingungen gebunden zu sein. Daher richtet sich diese Website von Reparaci\u00f3n Motores T5 T6 nicht an Minderj\u00e4hrige. Reparaci\u00f3n Motores T5 T6 \u00fcbernimmt keine Verantwortung f\u00fcr die Nichteinhaltung dieser Voraussetzung. Die Website richtet sich in erster Linie an Nutzer mit Wohnsitz in Spanien. Reparaci\u00f3n Motores T5 T6 garantiert nicht, dass die Website den Gesetzen anderer L\u00e4nder, weder vollst\u00e4ndig noch teilweise, entspricht. Sollte der Nutzer in einem anderen Land wohnen oder seinen Sitz dort haben und dennoch auf die Website zugreifen und\/oder sie nutzen, erfolgt dies auf eigene Verantwortung, und er muss sicherstellen, dass der Zugang und die Nutzung den f\u00fcr ihn geltenden lokalen Gesetzen entsprechen. Reparaci\u00f3n Motores T5 T6 \u00fcbernimmt keine Verantwortung f\u00fcr daraus entstehende Konsequenzen.<\/p><h4>III. ZUGANG UND NAVIGATION AUF DER WEBSITE: AUSSCHLUSS VON GARANTIEN UND HAFTUNG<\/h4><p>Reparaci\u00f3n Motores T5 T6 garantiert nicht die Kontinuit\u00e4t, Verf\u00fcgbarkeit und N\u00fctzlichkeit der Website, noch der Inhalte oder Dienstleistungen. Reparaci\u00f3n Motores T5 T6 wird alles M\u00f6gliche f\u00fcr das gute Funktionieren der Website tun, \u00fcbernimmt jedoch keine Verantwortung und garantiert nicht, dass der Zugang zu dieser Website ununterbrochen oder fehlerfrei erfolgt.<br \/>Ebenso \u00fcbernimmt es keine Verantwortung und garantiert nicht, dass die Inhalte oder die Software, auf die \u00fcber diese Website zugegriffen werden kann, fehlerfrei sind oder Sch\u00e4den am Computersystem (Software und Hardware) des Nutzers verursachen.<br \/>In keinem Fall wird Reparaci\u00f3n Motores T5 T6 verantwortlich sein f\u00fcr Verluste, Sch\u00e4den oder Nachteile jeglicher Art, die sich aus dem Zugang, der Navigation und der Nutzung der Website ergeben, einschlie\u00dflich, aber nicht beschr\u00e4nkt auf Sch\u00e4den an Computersystemen oder solche, die durch das Einschleusen von Viren verursacht werden.<br \/>Reparaci\u00f3n Motores T5 T6 \u00fcbernimmt ebenfalls keine Verantwortung f\u00fcr Sch\u00e4den, die den Nutzern durch eine unsachgem\u00e4\u00dfe Nutzung dieser Website entstehen k\u00f6nnten. Insbesondere \u00fcbernimmt es in keiner Weise Verantwortung f\u00fcr Ausf\u00e4lle, Unterbrechungen, M\u00e4ngel oder Defekte der Telekommunikation, die auftreten k\u00f6nnten.<\/p><h4>IV. LINKPOLITIK<\/h4><p>Es wird darauf hingewiesen, dass die Website von Reparaci\u00f3n Motores T5 T6 den Nutzern Verkn\u00fcpfungen (wie unter anderem Links, Banner, Buttons), Verzeichnisse und Suchmaschinen zur Verf\u00fcgung stellt oder stellen kann, die es den Nutzern erm\u00f6glichen, auf Websites zuzugreifen, die Dritten geh\u00f6ren und\/oder von diesen verwaltet werden.<br \/>Die Installation dieser Links, Verzeichnisse und Suchmaschinen auf der Website dient dazu, den Nutzern die Suche nach und den Zugang zu den im Internet verf\u00fcgbaren Informationen zu erleichtern, ohne dass dies als Vorschlag, Empfehlung oder Einladung zum Besuch derselben angesehen werden kann.<br \/>Reparaci\u00f3n Motores T5 T6 bietet weder selbst noch \u00fcber Dritte die auf den genannten verlinkten Seiten verf\u00fcgbaren Produkte und\/oder Dienstleistungen an oder vertreibt sie. Ebenso wenig wird die technische Verf\u00fcgbarkeit, Genauigkeit, Richtigkeit, G\u00fcltigkeit oder Rechtm\u00e4\u00dfigkeit von Seiten, die nicht Eigentum des Unternehmens sind und auf die \u00fcber die Links zugegriffen werden kann, garantiert.<br \/>Reparaci\u00f3n Motores T5 T6 \u00fcberpr\u00fcft oder kontrolliert in keinem Fall die Inhalte anderer Websites und genehmigt, pr\u00fcft oder \u00fcbernimmt auch nicht die Produkte und Dienstleistungen, Inhalte, Dateien oder sonstiges Material, das auf den genannten verlinkten Seiten vorhanden ist.<br \/>Reparaci\u00f3n Motores T5 T6 \u00fcbernimmt keinerlei Verantwortung f\u00fcr Sch\u00e4den, die durch den Zugriff auf, die Nutzung von, die Qualit\u00e4t oder die Rechtm\u00e4\u00dfigkeit der Inhalte, Mitteilungen, Meinungen, Produkte und Dienstleistungen von Websites entstehen k\u00f6nnten, die nicht von Reparaci\u00f3n Motores T5 T6 verwaltet werden und die auf dieser Website verlinkt sind.<br \/>Der Nutzer oder Dritte, die von einer Webseite einer anderen, fremden Website aus einen Hyperlink zur Website von Reparaci\u00f3n Motores T5 T6 erstellen, muss wissen, dass:<br \/>Die vollst\u00e4ndige oder teilweise Reproduktion von Inhalten und\/oder Dienstleistungen der Website ohne ausdr\u00fcckliche Genehmigung von Reparaci\u00f3n Motores T5 T6 nicht gestattet ist.<br \/>Ebenso wenig ist eine falsche, ungenaue oder unrichtige Darstellung der Website von Reparaci\u00f3n Motores T5 T6 oder ihrer Inhalte und\/oder Dienstleistungen gestattet.<br \/>Mit Ausnahme des Hyperlinks darf die Website, auf der ein solcher Hyperlink eingerichtet wird, keinerlei Element dieser Website enthalten, das durch die spanische Rechtsordnung als geistiges Eigentum gesch\u00fctzt ist, es sei denn, es liegt eine ausdr\u00fcckliche Genehmigung von Reparaci\u00f3n Motores T5 T6 vor.<br \/>Die Einrichtung des Hyperlinks impliziert weder das Bestehen von Beziehungen zwischen Reparaci\u00f3n Motores T5 T6 und dem Inhaber der Website, von der aus er erstellt wird, noch das Wissen und die Akzeptanz von Reparaci\u00f3n Motores T5 T6 \u00fcber die Inhalte, Dienstleistungen und\/oder Aktivit\u00e4ten, die auf dieser Website angeboten werden, und umgekehrt.<\/p><h4>V. GEISTIGES UND GEWERBLICHES EIGENTUM<\/h4><p>Reparaci\u00f3n Motores T5 T6 ist selbst oder als Zessionar Inhaber aller Rechte des geistigen und gewerblichen Eigentums der Website sowie der darin enthaltenen Elemente (beispielhaft, jedoch nicht abschlie\u00dfend: Bilder, Ton, Audio, Video, Software oder Texte, Marken oder Logos, Farbkombinationen, Struktur und Design, Auswahl der verwendeten Materialien, f\u00fcr den Betrieb notwendige Computerprogramme, Zugang und Nutzung usw.). Sie sind folglich als Werke gesch\u00fctzt, die als geistiges Eigentum nach der spanischen Rechtsordnung gelten, wobei sowohl die spanische als auch die gemeinschaftliche Gesetzgebung in diesem Bereich sowie die internationalen Abkommen zum Thema, die von Spanien unterzeichnet wurden, anwendbar sind.<br \/>Alle Rechte vorbehalten.<br \/>Gem\u00e4\u00df den Bestimmungen des Gesetzes \u00fcber geistiges Eigentum ist ausdr\u00fccklich die Reproduktion, Verbreitung und \u00f6ffentliche Wiedergabe \u2013 einschlie\u00dflich der Zug\u00e4nglichmachung \u2013 s\u00e4mtlicher oder eines Teils der Inhalte dieser Website zu kommerziellen Zwecken, auf jeglichem Medium und mit jeglichen technischen Mitteln ohne die Genehmigung von Reparaci\u00f3n Motores T5 T6 untersagt.<br \/>Der Nutzer verpflichtet sich, die Rechte des geistigen und gewerblichen Eigentums von Reparaci\u00f3n Motores T5 T6 zu respektieren. Er kann die Elemente der Website einsehen und sie sogar ausdrucken, kopieren und auf der Festplatte seines Computers oder auf einem anderen physischen Medium speichern, solange dies ausschlie\u00dflich zu seinem pers\u00f6nlichen Gebrauch dient. Der Nutzer darf jedoch keinesfalls Schutzvorrichtungen oder Sicherheitssysteme, die auf der Website installiert sein k\u00f6nnten, l\u00f6schen, ver\u00e4ndern oder manipulieren.<br \/>Falls der Nutzer oder ein Dritter der Auffassung ist, dass einer der Inhalte der Website eine Verletzung der Rechte des geistigen Eigentumsschutzes darstellt, muss er dies Reparaci\u00f3n Motores T5 T6 unverz\u00fcglich \u00fcber die im Abschnitt ALLGEMEINE INFORMATIONEN dieses Impressums und der Allgemeinen Nutzungsbedingungen angegebenen Kontaktdaten mitteilen.<\/p><h4>VI. RECHTLICHE MASSNAHMEN, ANWENDBARES RECHT UND GERICHTSSTAND<\/h4><p>Reparaci\u00f3n Motores T5 T6 beh\u00e4lt sich das Recht vor, zivil- oder strafrechtliche Ma\u00dfnahmen einzuleiten, die es f\u00fcr erforderlich h\u00e4lt, aufgrund der missbr\u00e4uchlichen Nutzung der Website und der Inhalte oder wegen Versto\u00dfes gegen diese Bedingungen.<br \/>Die Beziehung zwischen dem Nutzer und Reparaci\u00f3n Motores T5 T6 unterliegt den zum Zeitpunkt geltenden und in Spanien anwendbaren Rechtsvorschriften. Sollte es zu Streitigkeiten in Bezug auf die Auslegung und\/oder Anwendung dieser Bedingungen kommen, unterwerfen die Parteien ihre Konflikte der ordentlichen Gerichtsbarkeit und erkennen die zust\u00e4ndigen Gerichte gem\u00e4\u00df dem Gesetz an.<\/p>\t\t\t\t\t\t\t\t<\/div>\n\t\t\t\t\t<\/div>\n\t\t\t\t<\/div>\n\t\t\t\t<\/div>\n\t\t","protected":false},"excerpt":{"rendered":"<p>I. ALLGEMEINE INFORMATIONEN In Erf\u00fcllung der Informationspflichten gem\u00e4\u00df dem Gesetz 34\/2002 \u00fcber Dienste der Informationsgesellschaft und den elektronischen Gesch\u00e4ftsverkehr (LSSI-CE) vom 11. Juli werden nachfolgend die allgemeinen Informationen zu dieser Website bereitgestellt:Der Inhaber dieser Website, https:\/\/reparacionmotorest5t6.com\/ (im Folgenden \u201eWebsite\u201c), ist: Brand-Worx&#8230;<\/p>\n","protected":false},"author":2,"featured_media":0,"parent":0,"menu_order":0,"comment_status":"closed","ping_status":"open","template":"","meta":{"footnotes":""},"class_list":["post-11418","page","type-page","status-publish","hentry"],"yoast_head":"<!-- This site is optimized with the Yoast SEO plugin v26.0 - https:\/\/yoast.com\/wordpress\/plugins\/seo\/ -->\n<title>Rechtlicher Hinweis<\/title>\n<meta name=\"description\" content=\"Sie k\u00f6nnen das Impressum von reparacionmotorest5t6.com einsehen, das rechtliche Informationen und die Nutzungsbedingungen unserer Website enth\u00e4lt.\" \/>\n<meta name=\"robots\" content=\"index, follow, max-snippet:-1, max-image-preview:large, max-video-preview:-1\" \/>\n<link rel=\"canonical\" href=\"https:\/\/reparacionmotorest5t6.com\/de\/haftungshinweis\/\" \/>\n<meta property=\"og:locale\" content=\"de_DE\" \/>\n<meta property=\"og:type\" content=\"article\" \/>\n<meta property=\"og:title\" content=\"Rechtlicher Hinweis\" \/>\n<meta property=\"og:description\" content=\"Sie k\u00f6nnen das Impressum von reparacionmotorest5t6.com einsehen, das rechtliche Informationen und die Nutzungsbedingungen unserer Website enth\u00e4lt.\" \/>\n<meta property=\"og:url\" content=\"https:\/\/reparacionmotorest5t6.com\/de\/haftungshinweis\/\" \/>\n<meta property=\"og:site_name\" content=\"Wir fordern Ihre Entsch\u00e4digung ein\" \/>\n<meta property=\"article:modified_time\" content=\"2026-03-25T13:57:57+00:00\" \/>\n<meta name=\"twitter:card\" content=\"summary_large_image\" \/>\n<meta name=\"twitter:label1\" content=\"Gesch\u00e4tzte Lesezeit\" \/>\n\t<meta name=\"twitter:data1\" content=\"8\u00a0Minuten\" \/>\n<script type=\"application\/ld+json\" class=\"yoast-schema-graph\">{\"@context\":\"https:\/\/schema.org\",\"@graph\":[{\"@type\":\"WebPage\",\"@id\":\"https:\/\/reparacionmotorest5t6.com\/de\/haftungshinweis\/\",\"url\":\"https:\/\/reparacionmotorest5t6.com\/de\/haftungshinweis\/\",\"name\":\"Rechtlicher Hinweis\",\"isPartOf\":{\"@id\":\"https:\/\/reparacionmotorest5t6.com\/de\/#website\"},\"datePublished\":\"2025-09-25T16:05:05+00:00\",\"dateModified\":\"2026-03-25T13:57:57+00:00\",\"description\":\"Sie k\u00f6nnen das Impressum von reparacionmotorest5t6.com einsehen, das rechtliche Informationen und die Nutzungsbedingungen unserer Website enth\u00e4lt.\",\"breadcrumb\":{\"@id\":\"https:\/\/reparacionmotorest5t6.com\/de\/haftungshinweis\/#breadcrumb\"},\"inLanguage\":\"de\",\"potentialAction\":[{\"@type\":\"ReadAction\",\"target\":[\"https:\/\/reparacionmotorest5t6.com\/de\/haftungshinweis\/\"]}]},{\"@type\":\"BreadcrumbList\",\"@id\":\"https:\/\/reparacionmotorest5t6.com\/de\/haftungshinweis\/#breadcrumb\",\"itemListElement\":[{\"@type\":\"ListItem\",\"position\":1,\"name\":\"Home\",\"item\":\"https:\/\/reparacionmotorest5t6.com\/de\/\"},{\"@type\":\"ListItem\",\"position\":2,\"name\":\"Haftungshinweis\"}]},{\"@type\":\"WebSite\",\"@id\":\"https:\/\/reparacionmotorest5t6.com\/de\/#website\",\"url\":\"https:\/\/reparacionmotorest5t6.com\/de\/\",\"name\":\"Wir fordern Ihre Entsch\u00e4digung ein\",\"description\":\"Wir fordern Ihre Entsch\u00e4digung ein\",\"potentialAction\":[{\"@type\":\"SearchAction\",\"target\":{\"@type\":\"EntryPoint\",\"urlTemplate\":\"https:\/\/reparacionmotorest5t6.com\/de\/?s={search_term_string}\"},\"query-input\":{\"@type\":\"PropertyValueSpecification\",\"valueRequired\":true,\"valueName\":\"search_term_string\"}}],\"inLanguage\":\"de\"}]}<\/script>\n<!-- \/ Yoast SEO plugin. -->","yoast_head_json":{"title":"Rechtlicher Hinweis","description":"Sie k\u00f6nnen das Impressum von reparacionmotorest5t6.com einsehen, das rechtliche Informationen und die Nutzungsbedingungen unserer Website enth\u00e4lt.","robots":{"index":"index","follow":"follow","max-snippet":"max-snippet:-1","max-image-preview":"max-image-preview:large","max-video-preview":"max-video-preview:-1"},"canonical":"https:\/\/reparacionmotorest5t6.com\/de\/haftungshinweis\/","og_locale":"de_DE","og_type":"article","og_title":"Rechtlicher Hinweis","og_description":"Sie k\u00f6nnen das Impressum von reparacionmotorest5t6.com einsehen, das rechtliche Informationen und die Nutzungsbedingungen unserer Website enth\u00e4lt.","og_url":"https:\/\/reparacionmotorest5t6.com\/de\/haftungshinweis\/","og_site_name":"Wir fordern Ihre Entsch\u00e4digung ein","article_modified_time":"2026-03-25T13:57:57+00:00","twitter_card":"summary_large_image","twitter_misc":{"Gesch\u00e4tzte Lesezeit":"8\u00a0Minuten"},"schema":{"@context":"https:\/\/schema.org","@graph":[{"@type":"WebPage","@id":"https:\/\/reparacionmotorest5t6.com\/de\/haftungshinweis\/","url":"https:\/\/reparacionmotorest5t6.com\/de\/haftungshinweis\/","name":"Rechtlicher Hinweis","isPartOf":{"@id":"https:\/\/reparacionmotorest5t6.com\/de\/#website"},"datePublished":"2025-09-25T16:05:05+00:00","dateModified":"2026-03-25T13:57:57+00:00","description":"Sie k\u00f6nnen das Impressum von reparacionmotorest5t6.com einsehen, das rechtliche Informationen und die Nutzungsbedingungen unserer Website enth\u00e4lt.","breadcrumb":{"@id":"https:\/\/reparacionmotorest5t6.com\/de\/haftungshinweis\/#breadcrumb"},"inLanguage":"de","potentialAction":[{"@type":"ReadAction","target":["https:\/\/reparacionmotorest5t6.com\/de\/haftungshinweis\/"]}]},{"@type":"BreadcrumbList","@id":"https:\/\/reparacionmotorest5t6.com\/de\/haftungshinweis\/#breadcrumb","itemListElement":[{"@type":"ListItem","position":1,"name":"Home","item":"https:\/\/reparacionmotorest5t6.com\/de\/"},{"@type":"ListItem","position":2,"name":"Haftungshinweis"}]},{"@type":"WebSite","@id":"https:\/\/reparacionmotorest5t6.com\/de\/#website","url":"https:\/\/reparacionmotorest5t6.com\/de\/","name":"Wir fordern Ihre Entsch\u00e4digung ein","description":"Wir fordern Ihre Entsch\u00e4digung ein","potentialAction":[{"@type":"SearchAction","target":{"@type":"EntryPoint","urlTemplate":"https:\/\/reparacionmotorest5t6.com\/de\/?s={search_term_string}"},"query-input":{"@type":"PropertyValueSpecification","valueRequired":true,"valueName":"search_term_string"}}],"inLanguage":"de"}]}},"_links":{"self":[{"href":"https:\/\/reparacionmotorest5t6.com\/de\/wp-json\/wp\/v2\/pages\/11418","targetHints":{"allow":["GET"]}}],"collection":[{"href":"https:\/\/reparacionmotorest5t6.com\/de\/wp-json\/wp\/v2\/pages"}],"about":[{"href":"https:\/\/reparacionmotorest5t6.com\/de\/wp-json\/wp\/v2\/types\/page"}],"author":[{"embeddable":true,"href":"https:\/\/reparacionmotorest5t6.com\/de\/wp-json\/wp\/v2\/users\/2"}],"replies":[{"embeddable":true,"href":"https:\/\/reparacionmotorest5t6.com\/de\/wp-json\/wp\/v2\/comments?post=11418"}],"version-history":[{"count":9,"href":"https:\/\/reparacionmotorest5t6.com\/de\/wp-json\/wp\/v2\/pages\/11418\/revisions"}],"predecessor-version":[{"id":11926,"href":"https:\/\/reparacionmotorest5t6.com\/de\/wp-json\/wp\/v2\/pages\/11418\/revisions\/11926"}],"wp:attachment":[{"href":"https:\/\/reparacionmotorest5t6.com\/de\/wp-json\/wp\/v2\/media?parent=11418"}],"curies":[{"name":"wp","href":"https:\/\/api.w.org\/{rel}","templated":true}]}}