{"id":11368,"date":"2025-09-25T18:17:37","date_gmt":"2025-09-25T16:17:37","guid":{"rendered":"https:\/\/reparacionmotorest5t6.com\/cookie-richtlinie\/"},"modified":"2026-03-25T15:57:58","modified_gmt":"2026-03-25T13:57:58","slug":"cookie-richtlinie","status":"publish","type":"page","link":"https:\/\/reparacionmotorest5t6.com\/de\/cookie-richtlinie\/","title":{"rendered":"Cookie-Richtlinie"},"content":{"rendered":"\t\t<div data-elementor-type=\"wp-page\" data-elementor-id=\"11368\" class=\"elementor elementor-11368 elementor-10682\">\n\t\t\t\t<div class=\"elementor-element elementor-element-850be13 e-flex e-con-boxed cut-corner-no sticky-container-off e-con e-parent\" data-id=\"850be13\" data-element_type=\"container\" data-settings=\"{&quot;background_background&quot;:&quot;classic&quot;}\">\n\t\t\t\t\t<div class=\"e-con-inner\">\n\t\t\t\t<div class=\"elementor-element elementor-element-fe1a4fa elementor-widget elementor-widget-logico_heading\" data-id=\"fe1a4fa\" data-element_type=\"widget\" data-widget_type=\"logico_heading.default\">\n\t\t\t\t<div class=\"elementor-widget-container\">\n\t\t\t\t\t<h2 class=\"logico-title\">Cookie Richtlinie\n<\/h2>\t\t\t\t<\/div>\n\t\t\t\t<\/div>\n\t\t\t\t\t<\/div>\n\t\t\t\t<\/div>\n\t\t<div class=\"elementor-element elementor-element-11777857 e-flex e-con-boxed cut-corner-no sticky-container-off e-con e-parent\" data-id=\"11777857\" data-element_type=\"container\">\n\t\t\t\t\t<div class=\"e-con-inner\">\n\t\t\t\t<div class=\"elementor-element elementor-element-1186e78b elementor-widget elementor-widget-text-editor\" data-id=\"1186e78b\" data-element_type=\"widget\" data-widget_type=\"text-editor.default\">\n\t\t\t\t\t\t\t\t\t<p>Der Zugriff auf diese Website kann die Verwendung von Cookies beinhalten. Cookies sind kleine Informationsmengen, die im vom jeweiligen Nutzer verwendeten Browser \u2013 auf den verschiedenen Ger\u00e4ten, die er zur Nutzung der Website einsetzt \u2013 gespeichert werden. Der Server kann diese Informationen speichern, die sp\u00e4ter ausschlie\u00dflich von dem Server ausgelesen werden, der sie implementiert hat. Cookies erleichtern die Navigation, machen sie benutzerfreundlicher und schaden dem Endger\u00e4t nicht.<br>Cookies sind automatische Verfahren zur Sammlung von Informationen \u00fcber die Pr\u00e4ferenzen des Nutzers, die w\u00e4hrend seines Besuchs auf der Website entstehen. Sie dienen dazu, den Nutzer wiederzuerkennen, seine Erfahrung und die Nutzung der Website zu personalisieren. Cookies k\u00f6nnen au\u00dferdem helfen, Fehler zu identifizieren und zu beheben.<br>Die \u00fcber Cookies gesammelten Informationen k\u00f6nnen das Datum und die Uhrzeit des Website-Besuchs, die angesehenen Seiten, die Verweildauer auf der Website sowie die unmittelbar davor und danach besuchten Seiten umfassen. Keine Cookie erm\u00f6glicht es jedoch, den Nutzer \u00fcber seine Telefonnummer oder andere pers\u00f6nliche Kontaktm\u00f6glichkeiten zu erreichen. Keine Cookie kann Informationen von der Festplatte des Nutzers auslesen oder pers\u00f6nliche Daten stehlen.<br>Die einzige M\u00f6glichkeit, dass private Informationen des Nutzers Teil einer Cookie-Datei werden, besteht darin, dass der Nutzer diese Informationen pers\u00f6nlich an den Server \u00fcbermittelt. Cookies, die eine Person identifizieren k\u00f6nnen, gelten als personenbezogene Daten. Daher unterliegen sie der zuvor beschriebenen Datenschutzrichtlinie.<br>F\u00fcr die Nutzung von Cookies ist die Zustimmung des Nutzers erforderlich. Diese Zustimmung muss auf einer echten Wahl basieren. Sie wird durch eine positive und aktive Entscheidung vor der erstmaligen Verarbeitung gegeben. Sie muss widerrufbar und dokumentiert sein.\u201c           <\/p><h4>Eigene Cookies<\/h4><p>Dabei handelt es sich um Cookies, die an den Computer oder das Ger\u00e4t des Nutzers gesendet und ausschlie\u00dflich von Reparaci\u00f3n Motores T5 T6 verwaltet werden, um den bestm\u00f6glichen Betrieb der Website zu gew\u00e4hrleisten. Die gesammelten Informationen werden verwendet, um die Qualit\u00e4t der Website und ihrer Inhalte sowie die Nutzererfahrung zu verbessern. Diese Cookies erm\u00f6glichen es, den Nutzer als wiederkehrenden Besucher der Website zu erkennen und die Inhalte so anzupassen, dass sie seinen Pr\u00e4ferenzen entsprechen.  <\/p><h4>Cookies von Drittanbietern<\/h4><p>Dies sind Cookies, die von externen Einrichtungen verwendet und verwaltet werden, welche Reparaci\u00f3n Motores T5 T6 Dienstleistungen bereitstellen, die von der Website angefordert werden, um die Website und die Nutzererfahrung beim Besuch der Website zu verbessern. Die Hauptzwecke f\u00fcr die Nutzung von Drittanbieter-Cookies sind die Erhebung von Zugriffsstatistiken und die Analyse der Navigationsinformationen, also wie der Nutzer mit der Website interagiert.<br>Die gesammelten Informationen beziehen sich beispielsweise auf die Anzahl der besuchten Seiten, die Sprache, den Standort der IP-Adresse, \u00fcber die der Nutzer auf die Website zugreift, die Anzahl der Nutzer, die Zugriff haben, die H\u00e4ufigkeit und Wiederkehr der Besuche, die Besuchsdauer, den verwendeten Browser, den Betreiber oder die Art des Ger\u00e4ts, von dem aus die Website besucht wird.<br>Diese Informationen werden verwendet, um die Website zu verbessern und neue Bed\u00fcrfnisse zu erkennen, um den Nutzern Inhalte und\/oder Dienstleistungen von optimaler Qualit\u00e4t anzubieten. In jedem Fall werden die Informationen anonym gesammelt, und es werden Trendberichte \u00fcber die Website erstellt, ohne einzelne Nutzer zu identifizieren.<br>Weitere Informationen zu Cookies, Datenschutz oder zur Beschreibung der verwendeten Cookie-Arten, deren Hauptmerkmale, Ablaufzeit usw. finden Sie unter den folgenden Links: Google Analytics, Google Ads.<br>Die f\u00fcr die Bereitstellung der Cookies verantwortlichen Einrichtungen k\u00f6nnen diese Informationen an Dritte weitergeben, sofern dies gesetzlich vorgeschrieben ist oder ein Dritter diese Informationen im Auftrag der genannten Einrichtungen verarbeitet.     <\/p><h4>Social-Media-Cookies<\/h4><p>Reparaci\u00f3n Motores T5 T6 integriert Social-Media-Plugins, die den Zugriff auf diese Netzwerke direkt von der Website aus erm\u00f6glichen. Aus diesem Grund k\u00f6nnen Social-Media-Cookies im Browser des Nutzers gespeichert werden.<br>Die Betreiber dieser sozialen Netzwerke verf\u00fcgen \u00fcber eigene Datenschutz- und Cookie-Richtlinien und sind jeweils selbst f\u00fcr ihre Dateien und Datenschutzpraktiken verantwortlich. Der Nutzer sollte diese Richtlinien einsehen, um sich \u00fcber die betreffenden Cookies und gegebenenfalls \u00fcber die Verarbeitung seiner personenbezogenen Daten zu informieren.<br>Nur zu Informationszwecken werden im folgenden Links bereitgestellt, \u00fcber die diese Datenschutz- und\/oder Cookie-Richtlinien eingesehen werden k\u00f6nnen:    <\/p><p>Facebook: https:\/\/www.facebook.com\/policies\/cookies\/<\/p><p>Twitter: https:\/\/twitter.com\/es\/privacy<\/p><p>Instagram: https:\/\/help.instagram.com\/1896641480634370?ref=ig<\/p><p>YouTube: https:\/\/policies.google.com\/privacy?hl=es-419<\/p><p>Pinterest: https:\/\/policy.pinterest.com\/es\/privacy-policy<\/p><p>LinkedIn: https:\/\/www.linkedin.com\/legal\/cookie-policy?trk=hp-cookies<\/p><h4>Cookies deaktivieren, ablehnen und l\u00f6schen<\/h4><p>Der Nutzer kann die auf seinem Ger\u00e4t installierten Cookies \u2013 ganz oder teilweise \u2013 \u00fcber die Einstellungen seines Browsers deaktivieren, ablehnen oder l\u00f6schen (zu den Browsern geh\u00f6ren z.\u202fB. Chrome, Firefox, Safari, Explorer). In diesem Zusammenhang k\u00f6nnen sich die Verfahren zum Ablehnen und L\u00f6schen von Cookies von Browser zu Browser unterscheiden. Daher sollte der Nutzer die Anweisungen des von ihm verwendeten Browsers befolgen.<br>Wenn der Nutzer die Verwendung von Cookies \u2013 ganz oder teilweise \u2013 ablehnt, kann er die Website weiterhin nutzen. Allerdings kann die Nutzung bestimmter Funktionen der Website eingeschr\u00e4nkt sein.   <\/p>\t\t\t\t\t\t\t\t<\/div>\n\t\t\t\t\t<\/div>\n\t\t\t\t<\/div>\n\t\t\t\t<\/div>\n\t\t","protected":false},"excerpt":{"rendered":"<p>Der Zugriff auf diese Website kann die Verwendung von Cookies beinhalten. Cookies sind kleine Informationsmengen, die im vom jeweiligen Nutzer verwendeten Browser \u2013 auf den verschiedenen Ger\u00e4ten, die er zur Nutzung der Website einsetzt \u2013 gespeichert werden. Der Server kann diese&#8230;<\/p>\n","protected":false},"author":2,"featured_media":0,"parent":0,"menu_order":0,"comment_status":"closed","ping_status":"open","template":"","meta":{"footnotes":""},"class_list":["post-11368","page","type-page","status-publish","hentry"],"yoast_head":"<!-- This site is optimized with the Yoast SEO plugin v26.0 - https:\/\/yoast.com\/wordpress\/plugins\/seo\/ -->\n<title>Cookie-Richtlinie | Reparatur von T5- und T6-Motoren<\/title>\n<meta name=\"description\" content=\"Erfahren Sie mehr \u00fcber die Cookie-Richtlinie von reparacionmotorest5t6.com und wie wir die Nutzung der Website verwalten, um Ihr Online-Erlebnis zu verbessern.\" \/>\n<meta name=\"robots\" content=\"index, follow, max-snippet:-1, max-image-preview:large, max-video-preview:-1\" \/>\n<link rel=\"canonical\" href=\"https:\/\/reparacionmotorest5t6.com\/de\/cookie-richtlinie\/\" \/>\n<meta property=\"og:locale\" content=\"de_DE\" \/>\n<meta property=\"og:type\" content=\"article\" \/>\n<meta property=\"og:title\" content=\"Cookie-Richtlinie | Reparatur von T5- und T6-Motoren\" \/>\n<meta property=\"og:description\" content=\"Erfahren Sie mehr \u00fcber die Cookie-Richtlinie von reparacionmotorest5t6.com und wie wir die Nutzung der Website verwalten, um Ihr Online-Erlebnis zu verbessern.\" \/>\n<meta property=\"og:url\" content=\"https:\/\/reparacionmotorest5t6.com\/de\/cookie-richtlinie\/\" \/>\n<meta property=\"og:site_name\" content=\"Wir fordern Ihre Entsch\u00e4digung ein\" \/>\n<meta property=\"article:modified_time\" content=\"2026-03-25T13:57:58+00:00\" \/>\n<meta name=\"twitter:card\" content=\"summary_large_image\" \/>\n<meta name=\"twitter:label1\" content=\"Gesch\u00e4tzte Lesezeit\" \/>\n\t<meta name=\"twitter:data1\" content=\"4\u00a0Minuten\" \/>\n<script type=\"application\/ld+json\" class=\"yoast-schema-graph\">{\"@context\":\"https:\/\/schema.org\",\"@graph\":[{\"@type\":\"WebPage\",\"@id\":\"https:\/\/reparacionmotorest5t6.com\/de\/cookie-richtlinie\/\",\"url\":\"https:\/\/reparacionmotorest5t6.com\/de\/cookie-richtlinie\/\",\"name\":\"Cookie-Richtlinie | Reparatur von T5- und T6-Motoren\",\"isPartOf\":{\"@id\":\"https:\/\/reparacionmotorest5t6.com\/de\/#website\"},\"datePublished\":\"2025-09-25T16:17:37+00:00\",\"dateModified\":\"2026-03-25T13:57:58+00:00\",\"description\":\"Erfahren Sie mehr \u00fcber die Cookie-Richtlinie von reparacionmotorest5t6.com und wie wir die Nutzung der Website verwalten, um Ihr Online-Erlebnis zu verbessern.\",\"breadcrumb\":{\"@id\":\"https:\/\/reparacionmotorest5t6.com\/de\/cookie-richtlinie\/#breadcrumb\"},\"inLanguage\":\"de\",\"potentialAction\":[{\"@type\":\"ReadAction\",\"target\":[\"https:\/\/reparacionmotorest5t6.com\/de\/cookie-richtlinie\/\"]}]},{\"@type\":\"BreadcrumbList\",\"@id\":\"https:\/\/reparacionmotorest5t6.com\/de\/cookie-richtlinie\/#breadcrumb\",\"itemListElement\":[{\"@type\":\"ListItem\",\"position\":1,\"name\":\"Home\",\"item\":\"https:\/\/reparacionmotorest5t6.com\/de\/\"},{\"@type\":\"ListItem\",\"position\":2,\"name\":\"Cookie-Richtlinie\"}]},{\"@type\":\"WebSite\",\"@id\":\"https:\/\/reparacionmotorest5t6.com\/de\/#website\",\"url\":\"https:\/\/reparacionmotorest5t6.com\/de\/\",\"name\":\"Wir fordern Ihre Entsch\u00e4digung ein\",\"description\":\"Wir fordern Ihre Entsch\u00e4digung ein\",\"potentialAction\":[{\"@type\":\"SearchAction\",\"target\":{\"@type\":\"EntryPoint\",\"urlTemplate\":\"https:\/\/reparacionmotorest5t6.com\/de\/?s={search_term_string}\"},\"query-input\":{\"@type\":\"PropertyValueSpecification\",\"valueRequired\":true,\"valueName\":\"search_term_string\"}}],\"inLanguage\":\"de\"}]}<\/script>\n<!-- \/ Yoast SEO plugin. -->","yoast_head_json":{"title":"Cookie-Richtlinie | Reparatur von T5- und T6-Motoren","description":"Erfahren Sie mehr \u00fcber die Cookie-Richtlinie von reparacionmotorest5t6.com und wie wir die Nutzung der Website verwalten, um Ihr Online-Erlebnis zu verbessern.","robots":{"index":"index","follow":"follow","max-snippet":"max-snippet:-1","max-image-preview":"max-image-preview:large","max-video-preview":"max-video-preview:-1"},"canonical":"https:\/\/reparacionmotorest5t6.com\/de\/cookie-richtlinie\/","og_locale":"de_DE","og_type":"article","og_title":"Cookie-Richtlinie | Reparatur von T5- und T6-Motoren","og_description":"Erfahren Sie mehr \u00fcber die Cookie-Richtlinie von reparacionmotorest5t6.com und wie wir die Nutzung der Website verwalten, um Ihr Online-Erlebnis zu verbessern.","og_url":"https:\/\/reparacionmotorest5t6.com\/de\/cookie-richtlinie\/","og_site_name":"Wir fordern Ihre Entsch\u00e4digung ein","article_modified_time":"2026-03-25T13:57:58+00:00","twitter_card":"summary_large_image","twitter_misc":{"Gesch\u00e4tzte Lesezeit":"4\u00a0Minuten"},"schema":{"@context":"https:\/\/schema.org","@graph":[{"@type":"WebPage","@id":"https:\/\/reparacionmotorest5t6.com\/de\/cookie-richtlinie\/","url":"https:\/\/reparacionmotorest5t6.com\/de\/cookie-richtlinie\/","name":"Cookie-Richtlinie | Reparatur von T5- und T6-Motoren","isPartOf":{"@id":"https:\/\/reparacionmotorest5t6.com\/de\/#website"},"datePublished":"2025-09-25T16:17:37+00:00","dateModified":"2026-03-25T13:57:58+00:00","description":"Erfahren Sie mehr \u00fcber die Cookie-Richtlinie von reparacionmotorest5t6.com und wie wir die Nutzung der Website verwalten, um Ihr Online-Erlebnis zu verbessern.","breadcrumb":{"@id":"https:\/\/reparacionmotorest5t6.com\/de\/cookie-richtlinie\/#breadcrumb"},"inLanguage":"de","potentialAction":[{"@type":"ReadAction","target":["https:\/\/reparacionmotorest5t6.com\/de\/cookie-richtlinie\/"]}]},{"@type":"BreadcrumbList","@id":"https:\/\/reparacionmotorest5t6.com\/de\/cookie-richtlinie\/#breadcrumb","itemListElement":[{"@type":"ListItem","position":1,"name":"Home","item":"https:\/\/reparacionmotorest5t6.com\/de\/"},{"@type":"ListItem","position":2,"name":"Cookie-Richtlinie"}]},{"@type":"WebSite","@id":"https:\/\/reparacionmotorest5t6.com\/de\/#website","url":"https:\/\/reparacionmotorest5t6.com\/de\/","name":"Wir fordern Ihre Entsch\u00e4digung ein","description":"Wir fordern Ihre Entsch\u00e4digung ein","potentialAction":[{"@type":"SearchAction","target":{"@type":"EntryPoint","urlTemplate":"https:\/\/reparacionmotorest5t6.com\/de\/?s={search_term_string}"},"query-input":{"@type":"PropertyValueSpecification","valueRequired":true,"valueName":"search_term_string"}}],"inLanguage":"de"}]}},"_links":{"self":[{"href":"https:\/\/reparacionmotorest5t6.com\/de\/wp-json\/wp\/v2\/pages\/11368","targetHints":{"allow":["GET"]}}],"collection":[{"href":"https:\/\/reparacionmotorest5t6.com\/de\/wp-json\/wp\/v2\/pages"}],"about":[{"href":"https:\/\/reparacionmotorest5t6.com\/de\/wp-json\/wp\/v2\/types\/page"}],"author":[{"embeddable":true,"href":"https:\/\/reparacionmotorest5t6.com\/de\/wp-json\/wp\/v2\/users\/2"}],"replies":[{"embeddable":true,"href":"https:\/\/reparacionmotorest5t6.com\/de\/wp-json\/wp\/v2\/comments?post=11368"}],"version-history":[{"count":6,"href":"https:\/\/reparacionmotorest5t6.com\/de\/wp-json\/wp\/v2\/pages\/11368\/revisions"}],"predecessor-version":[{"id":11573,"href":"https:\/\/reparacionmotorest5t6.com\/de\/wp-json\/wp\/v2\/pages\/11368\/revisions\/11573"}],"wp:attachment":[{"href":"https:\/\/reparacionmotorest5t6.com\/de\/wp-json\/wp\/v2\/media?parent=11368"}],"curies":[{"name":"wp","href":"https:\/\/api.w.org\/{rel}","templated":true}]}}