{"id":11365,"date":"2024-02-28T00:23:35","date_gmt":"2024-02-27T22:23:35","guid":{"rendered":"https:\/\/reparacionmotorest5t6.com\/ueber-uns\/"},"modified":"2025-10-29T14:16:41","modified_gmt":"2025-10-29T12:16:41","slug":"ueber-uns","status":"publish","type":"page","link":"https:\/\/reparacionmotorest5t6.com\/de\/ueber-uns\/","title":{"rendered":"\u00dcber uns"},"content":{"rendered":"\t\t<div data-elementor-type=\"wp-page\" data-elementor-id=\"11365\" class=\"elementor elementor-11365 elementor-82\">\n\t\t\t\t<div class=\"elementor-element elementor-element-94945d4 e-flex e-con-boxed cut-corner-no sticky-container-off e-con e-parent\" data-id=\"94945d4\" data-element_type=\"container\" data-settings=\"{&quot;background_background&quot;:&quot;classic&quot;}\">\n\t\t\t\t\t<div class=\"e-con-inner\">\n\t\t\t\t<div class=\"elementor-element elementor-element-bf7b537 elementor-widget elementor-widget-logico_heading\" data-id=\"bf7b537\" data-element_type=\"widget\" data-widget_type=\"logico_heading.default\">\n\t\t\t\t<div class=\"elementor-widget-container\">\n\t\t\t\t\t<h2 class=\"logico-title\">\u00dcBER UNS\n<\/h2>\t\t\t\t<\/div>\n\t\t\t\t<\/div>\n\t\t\t\t\t<\/div>\n\t\t\t\t<\/div>\n\t\t<div class=\"elementor-element elementor-element-916fa7f e-flex e-con-boxed cut-corner-no sticky-container-off e-con e-parent\" data-id=\"916fa7f\" data-element_type=\"container\">\n\t\t\t\t\t<div class=\"e-con-inner\">\n\t\t<div class=\"elementor-element elementor-element-2436022 e-con-full e-flex cut-corner-no sticky-container-off e-con e-child\" data-id=\"2436022\" data-element_type=\"container\" data-settings=\"{&quot;background_background&quot;:&quot;classic&quot;}\">\n\t\t\t\t<div class=\"elementor-element elementor-element-cbab293 elementor-widget elementor-widget-counter\" data-id=\"cbab293\" data-element_type=\"widget\" data-widget_type=\"counter.default\">\n\t\t\t\t\t\t\t<div class=\"elementor-counter\">\n\t\t\t\t\t\t<div class=\"elementor-counter-number-wrapper\">\n\t\t\t\t<span class=\"elementor-counter-number-prefix\"><\/span>\n\t\t\t\t<span class=\"elementor-counter-number\" data-duration=\"2000\" data-to-value=\"632\" data-from-value=\"0\" data-delimiter=\".\">0<\/span>\n\t\t\t\t<span class=\"elementor-counter-number-suffix\"><\/span>\n\t\t\t<\/div>\n\t\t<\/div>\n\t\t\t\t\t\t<\/div>\n\t\t\t\t<div class=\"elementor-element elementor-element-a745d93 elementor-widget elementor-widget-logico_heading\" data-id=\"a745d93\" data-element_type=\"widget\" data-widget_type=\"logico_heading.default\">\n\t\t\t\t<div class=\"elementor-widget-container\">\n\t\t\t\t\t<div class=\"logico-title\">F\u00e4lle bisher gegen Volkswagen gewonnen\n<\/div>\t\t\t\t<\/div>\n\t\t\t\t<\/div>\n\t\t\t\t<\/div>\n\t\t\t\t\t<\/div>\n\t\t\t\t<\/div>\n\t\t<div class=\"elementor-element elementor-element-22e120c e-flex e-con-boxed cut-corner-no sticky-container-off e-con e-parent\" data-id=\"22e120c\" data-element_type=\"container\">\n\t\t\t\t\t<div class=\"e-con-inner\">\n\t\t<div class=\"elementor-element elementor-element-d5d2657 e-con-full e-grid cut-corner-no sticky-container-off e-con e-child\" data-id=\"d5d2657\" data-element_type=\"container\">\n\t\t\t\t<div class=\"elementor-element elementor-element-f3651a4 elementor-invisible elementor-widget elementor-widget-logico_heading\" data-id=\"f3651a4\" data-element_type=\"widget\" data-settings=\"{&quot;_animation&quot;:&quot;logico_heading_animation&quot;}\" data-widget_type=\"logico_heading.default\">\n\t\t\t\t<div class=\"elementor-widget-container\">\n\t\t\t\t\t<h3 class=\"logico-title\">Wir setzen uns daf\u00fcr ein, dass Ihre Rechte als Verbraucher gesch\u00fctzt werden.\n<\/h3>\t\t\t\t<\/div>\n\t\t\t\t<\/div>\n\t\t\t\t<div class=\"elementor-element elementor-element-cd2557c elementor-widget elementor-widget-text-editor\" data-id=\"cd2557c\" data-element_type=\"widget\" data-widget_type=\"text-editor.default\">\n\t\t\t\t\t\t\t\t\t<p>Immer mehr Fahrer*innen stehen pl\u00f6tzlich vor einem katastrophalen und vorzeitigen Motorschaden, oft nur wenige Jahre nach dem Kauf ihres <strong>VW-Transporters mit T5- oder T6-Motor<\/strong>. Die Frustration ist gro\u00df, die Kosten enorm. Wer jedoch versucht, sich gegen den Automobilriesen zu wehren, steht meist allein da \u2013 ohne rechtliche Unterst\u00fctzung, ohne Fachwissen und ohne Aussicht auf Erfolg.  <\/p><p><strong>Wir helfen Ihnen schnell und fachkundig:<\/strong> Im Falle eines schweren Motorschadens kl\u00e4ren wir die Frage der Haftung und k\u00fcmmern uns um die Entsch\u00e4digung, die Ihnen zusteht.<\/p>\t\t\t\t\t\t\t\t<\/div>\n\t\t\t\t<\/div>\n\t\t\t\t\t<\/div>\n\t\t\t\t<\/div>\n\t\t<div class=\"elementor-element elementor-element-1300e86 e-flex e-con-boxed cut-corner-no sticky-container-off e-con e-parent\" data-id=\"1300e86\" data-element_type=\"container\">\n\t\t\t\t\t<div class=\"e-con-inner\">\n\t\t<div class=\"elementor-element elementor-element-3d83330 e-con-full e-flex cut-corner-no sticky-container-off e-con e-child\" data-id=\"3d83330\" data-element_type=\"container\">\n\t\t<div class=\"elementor-element elementor-element-9e681ce e-con-full e-flex cut-corner-no sticky-container-off e-con e-child\" data-id=\"9e681ce\" data-element_type=\"container\">\n\t\t\t\t<div class=\"elementor-element elementor-element-80fc3ed elementor-widget elementor-widget-logico_marquee\" data-id=\"80fc3ed\" data-element_type=\"widget\" data-widget_type=\"logico_marquee.default\">\n\t\t\t\t<div class=\"elementor-widget-container\">\n\t\t\t\t\t<div class=\"logico-ticker-wrapper\" data-speed=\"10\" data-direction=\"left\"><div class=\"ticker\"><span class=\"ticker-text\">\u00dcber <span style=\"color: #fac12e\">600 zufriedene Kunden  <\/span> sprechen f\u00fcr uns.\n\n<\/span><span class=\"separator\"><i class=\"\"><\/i><\/span><\/div><\/div>\t\t\t\t<\/div>\n\t\t\t\t<\/div>\n\t\t\t\t<\/div>\n\t\t\t\t<\/div>\n\t\t<div class=\"elementor-element elementor-element-f72235b e-con-full e-flex cut-corner-no sticky-container-off e-con e-child\" data-id=\"f72235b\" data-element_type=\"container\">\n\t\t<div class=\"elementor-element elementor-element-6bf7d02 e-con-full e-flex cut-corner-no sticky-container-off e-con e-child\" data-id=\"6bf7d02\" data-element_type=\"container\" data-settings=\"{&quot;background_background&quot;:&quot;classic&quot;}\">\n\t\t<div class=\"elementor-element elementor-element-4fd5b12 e-con-full e-flex cut-corner-no sticky-container-off e-con e-child\" data-id=\"4fd5b12\" data-element_type=\"container\" data-settings=\"{&quot;background_background&quot;:&quot;classic&quot;}\">\n\t\t\t\t<div class=\"elementor-element elementor-element-4266c6c elementor-widget__width-initial elementor-invisible elementor-widget elementor-widget-logico_heading\" data-id=\"4266c6c\" data-element_type=\"widget\" data-settings=\"{&quot;_animation&quot;:&quot;logico_heading_animation&quot;}\" data-widget_type=\"logico_heading.default\">\n\t\t\t\t<div class=\"elementor-widget-container\">\n\t\t\t\t\t<h4 class=\"logico-title\"><span>Kein Verbraucher sollte allein gegen ein Unternehmen antreten m\u00fcssen, wenn sein Fahrzeug aufgrund eines Herstellerfehlers ausf\u00e4llt. Wir setzen uns f\u00fcr die Gerechtigkeit ein, die Sie verdienen.<\/span>\n<\/h4>\t\t\t\t<\/div>\n\t\t\t\t<\/div>\n\t\t\t\t<div class=\"elementor-element elementor-element-f7fc59f elementor-absolute e-transform elementor-widget elementor-widget-logico_video_button\" data-id=\"f7fc59f\" data-element_type=\"widget\" data-settings=\"{&quot;youtube_url&quot;:&quot;https:\\\/\\\/youtu.be\\\/g8SxB_kK8Qw&quot;,&quot;_position&quot;:&quot;absolute&quot;,&quot;_transform_translateX_effect_mobile_extra&quot;:{&quot;unit&quot;:&quot;%&quot;,&quot;size&quot;:0,&quot;sizes&quot;:[]},&quot;_transform_translateX_effect_mobile&quot;:{&quot;unit&quot;:&quot;%&quot;,&quot;size&quot;:&quot;&quot;,&quot;sizes&quot;:[]},&quot;video_type&quot;:&quot;youtube&quot;,&quot;controls&quot;:&quot;yes&quot;,&quot;lightbox&quot;:&quot;yes&quot;,&quot;_transform_translateX_effect&quot;:{&quot;unit&quot;:&quot;px&quot;,&quot;size&quot;:&quot;&quot;,&quot;sizes&quot;:[]},&quot;_transform_translateX_effect_laptop&quot;:{&quot;unit&quot;:&quot;px&quot;,&quot;size&quot;:&quot;&quot;,&quot;sizes&quot;:[]},&quot;_transform_translateX_effect_tablet_extra&quot;:{&quot;unit&quot;:&quot;px&quot;,&quot;size&quot;:&quot;&quot;,&quot;sizes&quot;:[]},&quot;_transform_translateX_effect_tablet&quot;:{&quot;unit&quot;:&quot;px&quot;,&quot;size&quot;:&quot;&quot;,&quot;sizes&quot;:[]},&quot;_transform_translateY_effect&quot;:{&quot;unit&quot;:&quot;px&quot;,&quot;size&quot;:&quot;&quot;,&quot;sizes&quot;:[]},&quot;_transform_translateY_effect_laptop&quot;:{&quot;unit&quot;:&quot;px&quot;,&quot;size&quot;:&quot;&quot;,&quot;sizes&quot;:[]},&quot;_transform_translateY_effect_tablet_extra&quot;:{&quot;unit&quot;:&quot;px&quot;,&quot;size&quot;:&quot;&quot;,&quot;sizes&quot;:[]},&quot;_transform_translateY_effect_tablet&quot;:{&quot;unit&quot;:&quot;px&quot;,&quot;size&quot;:&quot;&quot;,&quot;sizes&quot;:[]},&quot;_transform_translateY_effect_mobile_extra&quot;:{&quot;unit&quot;:&quot;px&quot;,&quot;size&quot;:&quot;&quot;,&quot;sizes&quot;:[]},&quot;_transform_translateY_effect_mobile&quot;:{&quot;unit&quot;:&quot;px&quot;,&quot;size&quot;:&quot;&quot;,&quot;sizes&quot;:[]}}\" data-widget_type=\"logico_video_button.default\">\n\t\t\t\t<div class=\"elementor-widget-container\">\n\t\t\t\t\t        <div class=\"elementor-wrapper elementor-open-lightbox logico-video-button video-button-animation-none\">\n                        <div class=\"elementor-custom-embed-image-overlay video-button-wrapper\" data-elementor-open-lightbox=\"yes\" data-elementor-lightbox=\"{&quot;type&quot;:&quot;video&quot;,&quot;videoType&quot;:&quot;youtube&quot;,&quot;url&quot;:&quot;https:\\\/\\\/www.youtube.com\\\/embed\\\/g8SxB_kK8Qw?feature=oembed&amp;start&amp;end&amp;wmode=opaque&amp;loop=0&amp;controls=1&amp;mute=0&amp;rel=1&amp;cc_load_policy=0&quot;,&quot;autoplay&quot;:&quot;&quot;,&quot;modalOptions&quot;:{&quot;id&quot;:&quot;elementor-lightbox-f7fc59f&quot;,&quot;entranceAnimation&quot;:&quot;&quot;,&quot;entranceAnimation_tablet&quot;:&quot;&quot;,&quot;entranceAnimation_mobile&quot;:&quot;&quot;,&quot;videoAspectRatio&quot;:&quot;169&quot;}}\" data-e-action-hash=\"#elementor-action%3Aaction%3Dlightbox%26settings%3DeyJ0eXBlIjoidmlkZW8iLCJ2aWRlb1R5cGUiOiJ5b3V0dWJlIiwidXJsIjoiaHR0cHM6XC9cL3d3dy55b3V0dWJlLmNvbVwvZW1iZWRcL2c4U3hCX2tLOFF3P2ZlYXR1cmU9b2VtYmVkJnN0YXJ0JmVuZCZ3bW9kZT1vcGFxdWUmbG9vcD0wJmNvbnRyb2xzPTEmbXV0ZT0wJnJlbD0xJmNjX2xvYWRfcG9saWN5PTAiLCJhdXRvcGxheSI6IiIsIm1vZGFsT3B0aW9ucyI6eyJpZCI6ImVsZW1lbnRvci1saWdodGJveC1mN2ZjNTlmIiwiZW50cmFuY2VBbmltYXRpb24iOiIiLCJlbnRyYW5jZUFuaW1hdGlvbl90YWJsZXQiOiIiLCJlbnRyYW5jZUFuaW1hdGlvbl9tb2JpbGUiOiIiLCJ2aWRlb0FzcGVjdFJhdGlvIjoiMTY5In19\">\n                <div class=\"elementor-custom-embed-play\" role=\"button\"><div class=\"video-button-icon\"><\/div><div class=\"video-button-label\">VIDEO ANSEHEN<\/div><\/div>            <\/div>\n        <\/div>\n        \t\t\t\t<\/div>\n\t\t\t\t<\/div>\n\t\t\t\t<\/div>\n\t\t\t\t<\/div>\n\t\t\t\t<\/div>\n\t\t\t\t\t<\/div>\n\t\t\t\t<\/div>\n\t\t<div class=\"elementor-element elementor-element-85c2003 e-flex e-con-boxed cut-corner-no sticky-container-off e-con e-parent\" data-id=\"85c2003\" data-element_type=\"container\">\n\t\t\t\t\t<div class=\"e-con-inner\">\n\t\t<div class=\"elementor-element elementor-element-e44b1ba e-con-full e-grid cut-corner-no sticky-container-off e-con e-child\" data-id=\"e44b1ba\" data-element_type=\"container\">\n\t\t\t\t<div class=\"elementor-element elementor-element-87182b1 elementor-invisible elementor-widget elementor-widget-logico_heading\" data-id=\"87182b1\" data-element_type=\"widget\" data-settings=\"{&quot;_animation&quot;:&quot;logico_heading_animation&quot;}\" data-widget_type=\"logico_heading.default\">\n\t\t\t\t<div class=\"elementor-widget-container\">\n\t\t\t\t\t<h3 class=\"logico-title\">Unsere Mission\n<\/h3>\t\t\t\t<\/div>\n\t\t\t\t<\/div>\n\t\t\t\t<div class=\"elementor-element elementor-element-6cd77c1 elementor-widget elementor-widget-text-editor\" data-id=\"6cd77c1\" data-element_type=\"widget\" data-widget_type=\"text-editor.default\">\n\t\t\t\t\t\t\t\t\t<p>Unsere Mission ist es, <strong>betroffene VW-Fahrer*innen mit den juristischen Expert*innen und Werkst\u00e4tten zu verbinden, die sich auf diese F\u00e4lle spezialisiert haben<\/strong>: engagierte und erfahrene Autoanw\u00e4lt*innen, die wissen, wie man sich sogar gegen einen multinationalen Konzern durchsetzt.<\/p><p>Wir vertreten eine neue Form der Verbraucherinformation: digital, leicht zug\u00e4nglich und fair. Unser Ziel ist es,<b> rechtliche Beratung und Fachinformationen<\/b> dort bereitzustellen, wo sie ben\u00f6tigt werden \u2013 nicht nur f\u00fcr gro\u00dfe Kanzleien und Unternehmen, sondern f\u00fcr die Person, die mit einem vollst\u00e4ndigen wirtschaftlichen Verlust in der Werkstatt oder auf der Stra\u00dfe konfrontiert ist. <\/p>\t\t\t\t\t\t\t\t<\/div>\n\t\t\t\t<\/div>\n\t\t\t\t\t<\/div>\n\t\t\t\t<\/div>\n\t\t<div class=\"elementor-element elementor-element-577e142 e-flex e-con-boxed cut-corner-no sticky-container-off e-con e-parent\" data-id=\"577e142\" data-element_type=\"container\" data-settings=\"{&quot;background_background&quot;:&quot;classic&quot;}\">\n\t\t\t\t\t<div class=\"e-con-inner\">\n\t\t<div class=\"elementor-element elementor-element-3b79620 e-con-full e-grid cut-corner-no sticky-container-off e-con e-child\" data-id=\"3b79620\" data-element_type=\"container\">\n\t\t\t\t<div class=\"elementor-element elementor-element-93eb06f elementor-widget elementor-widget-counter\" data-id=\"93eb06f\" data-element_type=\"widget\" data-widget_type=\"counter.default\">\n\t\t\t\t\t\t\t<div class=\"elementor-counter\">\n\t\t\t<div class=\"elementor-counter-title\">von Volkswagen gewonnene F\u00e4lle<\/div>\t\t\t<div class=\"elementor-counter-number-wrapper\">\n\t\t\t\t<span class=\"elementor-counter-number-prefix\"><\/span>\n\t\t\t\t<span class=\"elementor-counter-number\" data-duration=\"2000\" data-to-value=\"632\" data-from-value=\"0\" data-delimiter=\".\">0<\/span>\n\t\t\t\t<span class=\"elementor-counter-number-suffix\"><\/span>\n\t\t\t<\/div>\n\t\t<\/div>\n\t\t\t\t\t\t<\/div>\n\t\t\t\t<div class=\"elementor-element elementor-element-e688ebb elementor-widget elementor-widget-counter\" data-id=\"e688ebb\" data-element_type=\"widget\" data-widget_type=\"counter.default\">\n\t\t\t\t\t\t\t<div class=\"elementor-counter\">\n\t\t\t<div class=\"elementor-counter-title\">Erfolgreiche Anspr\u00fcche<\/div>\t\t\t<div class=\"elementor-counter-number-wrapper\">\n\t\t\t\t<span class=\"elementor-counter-number-prefix\"><\/span>\n\t\t\t\t<span class=\"elementor-counter-number\" data-duration=\"2000\" data-to-value=\"98\" data-from-value=\"0\" data-delimiter=\".\">0<\/span>\n\t\t\t\t<span class=\"elementor-counter-number-suffix\">%<\/span>\n\t\t\t<\/div>\n\t\t<\/div>\n\t\t\t\t\t\t<\/div>\n\t\t\t\t<div class=\"elementor-element elementor-element-83a0b98 elementor-widget elementor-widget-counter\" data-id=\"83a0b98\" data-element_type=\"widget\" data-widget_type=\"counter.default\">\n\t\t\t\t\t\t\t<div class=\"elementor-counter\">\n\t\t\t<div class=\"elementor-counter-title\">Gewonnene F\u00e4lle gegen Automobilhersteller<\/div>\t\t\t<div class=\"elementor-counter-number-wrapper\">\n\t\t\t\t<span class=\"elementor-counter-number-prefix\">+<\/span>\n\t\t\t\t<span class=\"elementor-counter-number\" data-duration=\"2000\" data-to-value=\"1000\" data-from-value=\"0\" data-delimiter=\".\">0<\/span>\n\t\t\t\t<span class=\"elementor-counter-number-suffix\"><\/span>\n\t\t\t<\/div>\n\t\t<\/div>\n\t\t\t\t\t\t<\/div>\n\t\t\t\t<div class=\"elementor-element elementor-element-e4df369 elementor-widget elementor-widget-counter\" data-id=\"e4df369\" data-element_type=\"widget\" data-widget_type=\"counter.default\">\n\t\t\t\t\t\t\t<div class=\"elementor-counter\">\n\t\t\t<div class=\"elementor-counter-title\">an Entsch\u00e4digungen erzielte Euro-Betr\u00e4ge<\/div>\t\t\t<div class=\"elementor-counter-number-wrapper\">\n\t\t\t\t<span class=\"elementor-counter-number-prefix\">+<\/span>\n\t\t\t\t<span class=\"elementor-counter-number\" data-duration=\"2000\" data-to-value=\"10\" data-from-value=\"0\" data-delimiter=\".\">0<\/span>\n\t\t\t\t<span class=\"elementor-counter-number-suffix\">M<\/span>\n\t\t\t<\/div>\n\t\t<\/div>\n\t\t\t\t\t\t<\/div>\n\t\t\t\t<\/div>\n\t\t\t\t\t<\/div>\n\t\t\t\t<\/div>\n\t\t<div class=\"elementor-element elementor-element-593a504 e-flex e-con-boxed cut-corner-no sticky-container-off e-con e-parent\" data-id=\"593a504\" data-element_type=\"container\">\n\t\t\t\t\t<div class=\"e-con-inner\">\n\t\t<div class=\"elementor-element elementor-element-c406f67 e-con-full e-grid cut-corner-no sticky-container-off e-con e-child\" data-id=\"c406f67\" data-element_type=\"container\">\n\t\t\t\t<div class=\"elementor-element elementor-element-4ca871a elementor-invisible elementor-widget elementor-widget-logico_heading\" data-id=\"4ca871a\" data-element_type=\"widget\" data-settings=\"{&quot;_animation&quot;:&quot;logico_heading_animation&quot;}\" data-widget_type=\"logico_heading.default\">\n\t\t\t\t<div class=\"elementor-widget-container\">\n\t\t\t\t\t<h3 class=\"logico-title\">Unsere Erfolgsgeschichte\n<\/h3>\t\t\t\t<\/div>\n\t\t\t\t<\/div>\n\t\t\t\t<div class=\"elementor-element elementor-element-357f2d7 elementor-widget elementor-widget-text-editor\" data-id=\"357f2d7\" data-element_type=\"widget\" data-widget_type=\"text-editor.default\">\n\t\t\t\t\t\t\t\t\t<p>Wir kennen die Geschichten hinter den Zahlen: Arbeiter*innen, die mit ihrem Transporter von einem Auftrag zum anderen fahren, bis pl\u00f6tzlich der Motor den Geist aufgibt. Familien, die ihren geliebten California verkaufen mussten, weil die Reparaturkosten unerschwinglich waren. <\/p><p>Aber wir wissen: In vielen F\u00e4llen h\u00e4tte das nicht passieren m\u00fcssen.<\/p><p>Viele dieser Sch\u00e4den sind keine Einzelf\u00e4lle, sondern die<strong> Folge von Herstellungsfehlern, minderwertigen Bauteilen oder ungeeigneten Softwarel\u00f6sungen. <\/strong>Und genau deshalb gibt es rechtliche Wege, um eine Entsch\u00e4digung f\u00fcr Sch\u00e4den geltend zu machen oder zumindest eine faire Kompensation zu erhalten. <\/p><p>In Zusammenarbeit mit <strong>erfahrenen Autoanw\u00e4lt*innen und spezialisierten, unabh\u00e4ngigen Werkst\u00e4tten helfen wir den Betroffenen, ihre Rechte zu pr\u00fcfen und geltend zu machen <\/strong>\u2013 ohne Vorkenntnisse, ohne Risiken und ohne unn\u00f6tige H\u00fcrden.<\/p><p>Wir m\u00f6chten den Verbraucher*innen die Informationen und Werkzeuge an die Hand geben, die sie ben\u00f6tigen, um nicht l\u00e4nger nachzugeben und auf Augenh\u00f6he zu verhandeln.<\/p><p>Denn manchmal braucht man nur den richtigen Partner.<\/p>\t\t\t\t\t\t\t\t<\/div>\n\t\t\t\t<\/div>\n\t\t\t\t\t<\/div>\n\t\t\t\t<\/div>\n\t\t\t\t<\/div>\n\t\t","protected":false},"excerpt":{"rendered":"<p>0 Immer mehr Fahrer*innen stehen pl\u00f6tzlich vor einem katastrophalen und vorzeitigen Motorschaden, oft nur wenige Jahre nach dem Kauf ihres VW-Transporters mit T5- oder T6-Motor. Die Frustration ist gro\u00df, die Kosten enorm. Wer jedoch versucht, sich gegen den Automobilriesen zu wehren,&#8230;<\/p>\n","protected":false},"author":2,"featured_media":0,"parent":0,"menu_order":0,"comment_status":"closed","ping_status":"closed","template":"","meta":{"footnotes":""},"class_list":["post-11365","page","type-page","status-publish","hentry"],"yoast_head":"<!-- This site is optimized with the Yoast SEO plugin v26.0 - https:\/\/yoast.com\/wordpress\/plugins\/seo\/ -->\n<title>\u00dcber uns | Reparatur von T5- und T6-Motoren<\/title>\n<meta name=\"description\" content=\"Wir sind spezialisiert auf die rechtliche Geltendmachung von Herstellungsfehlern bei VW T5- und T6-Motoren. Wir verteidigen Ihre Rechte, damit Sie die Entsch\u00e4digung erhalten, die Ihnen zusteht.\" \/>\n<meta name=\"robots\" content=\"index, follow, max-snippet:-1, max-image-preview:large, max-video-preview:-1\" \/>\n<link rel=\"canonical\" href=\"https:\/\/reparacionmotorest5t6.com\/de\/ueber-uns\/\" \/>\n<meta property=\"og:locale\" content=\"de_DE\" \/>\n<meta property=\"og:type\" content=\"article\" \/>\n<meta property=\"og:title\" content=\"\u00dcber uns | Reparatur von T5- und T6-Motoren\" \/>\n<meta property=\"og:description\" content=\"Wir sind spezialisiert auf die rechtliche Geltendmachung von Herstellungsfehlern bei VW T5- und T6-Motoren. Wir verteidigen Ihre Rechte, damit Sie die Entsch\u00e4digung erhalten, die Ihnen zusteht.\" \/>\n<meta property=\"og:url\" content=\"https:\/\/reparacionmotorest5t6.com\/de\/ueber-uns\/\" \/>\n<meta property=\"og:site_name\" content=\"Wir fordern Ihre Entsch\u00e4digung ein\" \/>\n<meta property=\"article:modified_time\" content=\"2025-10-29T12:16:41+00:00\" \/>\n<meta name=\"twitter:card\" content=\"summary_large_image\" \/>\n<meta name=\"twitter:label1\" content=\"Gesch\u00e4tzte Lesezeit\" \/>\n\t<meta name=\"twitter:data1\" content=\"1\u00a0Minute\" \/>\n<script type=\"application\/ld+json\" class=\"yoast-schema-graph\">{\"@context\":\"https:\/\/schema.org\",\"@graph\":[{\"@type\":\"WebPage\",\"@id\":\"https:\/\/reparacionmotorest5t6.com\/de\/ueber-uns\/\",\"url\":\"https:\/\/reparacionmotorest5t6.com\/de\/ueber-uns\/\",\"name\":\"\u00dcber uns | Reparatur von T5- und T6-Motoren\",\"isPartOf\":{\"@id\":\"https:\/\/reparacionmotorest5t6.com\/de\/#website\"},\"datePublished\":\"2024-02-27T22:23:35+00:00\",\"dateModified\":\"2025-10-29T12:16:41+00:00\",\"description\":\"Wir sind spezialisiert auf die rechtliche Geltendmachung von Herstellungsfehlern bei VW T5- und T6-Motoren. Wir verteidigen Ihre Rechte, damit Sie die Entsch\u00e4digung erhalten, die Ihnen zusteht.\",\"breadcrumb\":{\"@id\":\"https:\/\/reparacionmotorest5t6.com\/de\/ueber-uns\/#breadcrumb\"},\"inLanguage\":\"de\",\"potentialAction\":[{\"@type\":\"ReadAction\",\"target\":[\"https:\/\/reparacionmotorest5t6.com\/de\/ueber-uns\/\"]}]},{\"@type\":\"BreadcrumbList\",\"@id\":\"https:\/\/reparacionmotorest5t6.com\/de\/ueber-uns\/#breadcrumb\",\"itemListElement\":[{\"@type\":\"ListItem\",\"position\":1,\"name\":\"Home\",\"item\":\"https:\/\/reparacionmotorest5t6.com\/de\/\"},{\"@type\":\"ListItem\",\"position\":2,\"name\":\"\u00dcber uns\"}]},{\"@type\":\"WebSite\",\"@id\":\"https:\/\/reparacionmotorest5t6.com\/de\/#website\",\"url\":\"https:\/\/reparacionmotorest5t6.com\/de\/\",\"name\":\"Wir fordern Ihre Entsch\u00e4digung ein\",\"description\":\"Wir fordern Ihre Entsch\u00e4digung ein\",\"potentialAction\":[{\"@type\":\"SearchAction\",\"target\":{\"@type\":\"EntryPoint\",\"urlTemplate\":\"https:\/\/reparacionmotorest5t6.com\/de\/?s={search_term_string}\"},\"query-input\":{\"@type\":\"PropertyValueSpecification\",\"valueRequired\":true,\"valueName\":\"search_term_string\"}}],\"inLanguage\":\"de\"}]}<\/script>\n<!-- \/ Yoast SEO plugin. -->","yoast_head_json":{"title":"\u00dcber uns | Reparatur von T5- und T6-Motoren","description":"Wir sind spezialisiert auf die rechtliche Geltendmachung von Herstellungsfehlern bei VW T5- und T6-Motoren. Wir verteidigen Ihre Rechte, damit Sie die Entsch\u00e4digung erhalten, die Ihnen zusteht.","robots":{"index":"index","follow":"follow","max-snippet":"max-snippet:-1","max-image-preview":"max-image-preview:large","max-video-preview":"max-video-preview:-1"},"canonical":"https:\/\/reparacionmotorest5t6.com\/de\/ueber-uns\/","og_locale":"de_DE","og_type":"article","og_title":"\u00dcber uns | Reparatur von T5- und T6-Motoren","og_description":"Wir sind spezialisiert auf die rechtliche Geltendmachung von Herstellungsfehlern bei VW T5- und T6-Motoren. Wir verteidigen Ihre Rechte, damit Sie die Entsch\u00e4digung erhalten, die Ihnen zusteht.","og_url":"https:\/\/reparacionmotorest5t6.com\/de\/ueber-uns\/","og_site_name":"Wir fordern Ihre Entsch\u00e4digung ein","article_modified_time":"2025-10-29T12:16:41+00:00","twitter_card":"summary_large_image","twitter_misc":{"Gesch\u00e4tzte Lesezeit":"1\u00a0Minute"},"schema":{"@context":"https:\/\/schema.org","@graph":[{"@type":"WebPage","@id":"https:\/\/reparacionmotorest5t6.com\/de\/ueber-uns\/","url":"https:\/\/reparacionmotorest5t6.com\/de\/ueber-uns\/","name":"\u00dcber uns | Reparatur von T5- und T6-Motoren","isPartOf":{"@id":"https:\/\/reparacionmotorest5t6.com\/de\/#website"},"datePublished":"2024-02-27T22:23:35+00:00","dateModified":"2025-10-29T12:16:41+00:00","description":"Wir sind spezialisiert auf die rechtliche Geltendmachung von Herstellungsfehlern bei VW T5- und T6-Motoren. Wir verteidigen Ihre Rechte, damit Sie die Entsch\u00e4digung erhalten, die Ihnen zusteht.","breadcrumb":{"@id":"https:\/\/reparacionmotorest5t6.com\/de\/ueber-uns\/#breadcrumb"},"inLanguage":"de","potentialAction":[{"@type":"ReadAction","target":["https:\/\/reparacionmotorest5t6.com\/de\/ueber-uns\/"]}]},{"@type":"BreadcrumbList","@id":"https:\/\/reparacionmotorest5t6.com\/de\/ueber-uns\/#breadcrumb","itemListElement":[{"@type":"ListItem","position":1,"name":"Home","item":"https:\/\/reparacionmotorest5t6.com\/de\/"},{"@type":"ListItem","position":2,"name":"\u00dcber uns"}]},{"@type":"WebSite","@id":"https:\/\/reparacionmotorest5t6.com\/de\/#website","url":"https:\/\/reparacionmotorest5t6.com\/de\/","name":"Wir fordern Ihre Entsch\u00e4digung ein","description":"Wir fordern Ihre Entsch\u00e4digung ein","potentialAction":[{"@type":"SearchAction","target":{"@type":"EntryPoint","urlTemplate":"https:\/\/reparacionmotorest5t6.com\/de\/?s={search_term_string}"},"query-input":{"@type":"PropertyValueSpecification","valueRequired":true,"valueName":"search_term_string"}}],"inLanguage":"de"}]}},"_links":{"self":[{"href":"https:\/\/reparacionmotorest5t6.com\/de\/wp-json\/wp\/v2\/pages\/11365","targetHints":{"allow":["GET"]}}],"collection":[{"href":"https:\/\/reparacionmotorest5t6.com\/de\/wp-json\/wp\/v2\/pages"}],"about":[{"href":"https:\/\/reparacionmotorest5t6.com\/de\/wp-json\/wp\/v2\/types\/page"}],"author":[{"embeddable":true,"href":"https:\/\/reparacionmotorest5t6.com\/de\/wp-json\/wp\/v2\/users\/2"}],"replies":[{"embeddable":true,"href":"https:\/\/reparacionmotorest5t6.com\/de\/wp-json\/wp\/v2\/comments?post=11365"}],"version-history":[{"count":17,"href":"https:\/\/reparacionmotorest5t6.com\/de\/wp-json\/wp\/v2\/pages\/11365\/revisions"}],"predecessor-version":[{"id":11788,"href":"https:\/\/reparacionmotorest5t6.com\/de\/wp-json\/wp\/v2\/pages\/11365\/revisions\/11788"}],"wp:attachment":[{"href":"https:\/\/reparacionmotorest5t6.com\/de\/wp-json\/wp\/v2\/media?parent=11365"}],"curies":[{"name":"wp","href":"https:\/\/api.w.org\/{rel}","templated":true}]}}